{"id":371,"date":"2017-01-29T10:44:57","date_gmt":"2017-01-29T09:44:57","guid":{"rendered":"http:\/\/machmusik.net\/?page_id=371"},"modified":"2026-04-10T10:19:45","modified_gmt":"2026-04-10T09:19:45","slug":"startseite-1","status":"publish","type":"page","link":"https:\/\/machmusik.net\/","title":{"rendered":"Willkommen beim Musikhaus Hommerich in Unkel"},"content":{"rendered":"\n<div class=\"wp-block-group\"><div class=\"wp-block-group__inner-container is-layout-flow wp-block-group-is-layout-flow\">\n<div class=\"wp-block-image\"><figure class=\"aligncenter size-large\"><img loading=\"lazy\" decoding=\"async\" width=\"1024\" height=\"410\" src=\"http:\/\/machmusik.net\/wp-content\/uploads\/2019\/11\/BannerMusikSchule2019-1024x410.jpg\" alt=\"\" class=\"wp-image-712\" srcset=\"https:\/\/machmusik.net\/wp-content\/uploads\/2019\/11\/BannerMusikSchule2019-1024x410.jpg 1024w, https:\/\/machmusik.net\/wp-content\/uploads\/2019\/11\/BannerMusikSchule2019-300x120.jpg 300w, https:\/\/machmusik.net\/wp-content\/uploads\/2019\/11\/BannerMusikSchule2019.jpg 1500w\" sizes=\"auto, (max-width: 1024px) 100vw, 1024px\" \/><\/figure><\/div>\n<\/div><\/div>\n\n\n\n<div style=\"height:100px\" aria-hidden=\"true\" class=\"wp-block-spacer\"><\/div>\n\n\n\n<blockquote class=\"wp-block-quote has-text-align-center is-style-large is-layout-flow wp-block-quote-is-layout-flow\"><p><strong>&#8222;Wo sich Erfahrung und Begeisterung treffen&#8220;<\/strong><\/p><\/blockquote>\n\n\n\n<div style=\"height:100px\" aria-hidden=\"true\" class=\"wp-block-spacer\"><\/div>\n\n\n\n<div class=\"wp-block-columns is-layout-flex wp-container-core-columns-is-layout-9d6595d7 wp-block-columns-is-layout-flex\">\n<div class=\"wp-block-column is-layout-flow wp-block-column-is-layout-flow\">\n          <div class=\"materializer\">\n            <div class=\"card  text-darken-3 grey-text\">\n                <div class=\"card-content\">\n                    <span class=\"card-title brown-text\">\n                        Konzertgitarren                    <\/span>\n                    <p>\n                        \nKonzertgitarren sind unsere St\u00e4rke! Zahlreiche hochwertige Gitarren\nk\u00f6nnen jederzeit bei uns vor Ort\nangespielt werden.\n                    <\/p>\n                <\/div>\n                            <\/div>\n          <\/div>\n        \n\n\n\n          <div class=\"materializer\">\n            <div class=\"card  text-darken-3 grey-text\">\n                <div class=\"card-content\">\n                    <span class=\"card-title brown-text\">\n                        Musikschule                    <\/span>\n                    <p>\n                        \nWelches Instrument soll es sein? Gitarre, E \u2013 Gitarre, E-Bass, Keyboard,\nAkkordeon, Blockfl\u00f6te oder Klavier?\nSprechen Sie uns an.\n                    <\/p>\n                <\/div>\n                            <\/div>\n          <\/div>\n        \n\n\n\n          <div class=\"materializer\">\n            <div class=\"card  text-darken-3 grey-text\">\n                <div class=\"card-content\">\n                    <span class=\"card-title brown-text\">\n                        Gitarrenreparaturen                    <\/span>\n                    <p>\n                        \nSaiten wechseln, Mechaniken\ntauschen, Tonabnehmer einbauen,\nHals einstellen und Restauration.\nMit Liebe zum Detail.\n                    <\/p>\n                <\/div>\n                            <\/div>\n          <\/div>\n        \n<\/div>\n\n\n\n<div class=\"wp-block-column is-layout-flow wp-block-column-is-layout-flow\">\n          <div class=\"materializer\">\n            <div class=\"card  text-darken-3 grey-text\">\n                <div class=\"card-content\">\n                    <span class=\"card-title brown-text\">\n                        Westerngitarren                    <\/span>\n                    <p>\n                        \nHervorragend f\u00fcr die laute und\nkraftvolle Liedbegleitung. Wir haben\ndie besten Westerngitarren f\u00fcr\nSie und beraten Sie beim Kauf.\n                    <\/p>\n                <\/div>\n                            <\/div>\n          <\/div>\n        \n\n\n\n          <div class=\"materializer\">\n            <div class=\"card  text-darken-3 grey-text\">\n                <div class=\"card-content\">\n                    <span class=\"card-title brown-text\">\n                        Geschenkartikel                    <\/span>\n                    <p>\n                        \nWir bieten Ihnen ein umfangreiches, mit Liebe zum Detail ausgesuchtes\nSortiment an Geschenkartikeln.\nDa ist f\u00fcr jeden Anlass etwas dabei.\n                    <\/p>\n                <\/div>\n                            <\/div>\n          <\/div>\n        \n\n\n\n          <div class=\"materializer\">\n            <div class=\"card  text-darken-3 grey-text\">\n                <div class=\"card-content\">\n                    <span class=\"card-title brown-text\">\n                        Musiknoten                    <\/span>\n                    <p>\n                        \nMusiknoten und Musikb\u00fccher haben wir f\u00fcr die verschiedensten Musikrichtungen immer auf lager. Da ist\nauch\nbestimmt f\u00fcr Sie was dabei.\n                    <\/p>\n                <\/div>\n                            <\/div>\n          <\/div>\n        \n<\/div>\n\n\n\n<div class=\"wp-block-column is-layout-flow wp-block-column-is-layout-flow\">\n          <div class=\"materializer\">\n            <div class=\"card  text-darken-3 grey-text\">\n                <div class=\"card-content\">\n                    <span class=\"card-title brown-text\">\n                        Ukulelen                    <\/span>\n                    <p>\n                        \nWir f\u00fchren eine sorgf\u00e4ltig ausgew\u00e4hlten Bestand an Sopran, Konzert und Tenor Ukulelen. Klang und\nVerarbeitung werden Sie \u00fcberzeugen!\n                    <\/p>\n                <\/div>\n                            <\/div>\n          <\/div>\n        \n\n\n\n          <div class=\"materializer\">\n            <div class=\"card  text-darken-3 grey-text\">\n                <div class=\"card-content\">\n                    <span class=\"card-title brown-text\">\n                        Zubeh\u00f6r                    <\/span>\n                    <p>\n                        \nAlles f\u00fcr Konzertgitarren und\nE-Gitarren. Taschen, Koffer, Verst\u00e4rker,\nSt\u00e4nder und Saiten auch f\u00fcr\nVioline, Ukulele und Banjo.\n                    <\/p>\n                <\/div>\n                            <\/div>\n          <\/div>\n        \n\n\n\n          <div class=\"materializer\">\n            <div class=\"card  text-darken-3 grey-text\">\n                <div class=\"card-content\">\n                    <span class=\"card-title brown-text\">\n                        CD und LP\nService                    <\/span>\n                    <p>\n                        \nSie suchen nach bekannten oder besonderen CD&#8217;s oder LP&#8217;s? Wir \u00fcbernehmen dies f\u00fcr Sie. Ihre Lieblingsmusik\neinfach bestellen.\n                    <\/p>\n                <\/div>\n                            <\/div>\n          <\/div>\n        \n<\/div>\n<\/div>\n\n\n\n<div style=\"height:100px\" aria-hidden=\"true\" class=\"wp-block-spacer\"><\/div>\n\n\n\n<figure class=\"wp-block-image size-large\"><img loading=\"lazy\" decoding=\"async\" width=\"1024\" height=\"683\" src=\"https:\/\/machmusik.net\/wp-content\/uploads\/2025\/06\/1846bea-1024x683.jpg\" alt=\"\" class=\"wp-image-1031\" srcset=\"https:\/\/machmusik.net\/wp-content\/uploads\/2025\/06\/1846bea-1024x683.jpg 1024w, https:\/\/machmusik.net\/wp-content\/uploads\/2025\/06\/1846bea-300x200.jpg 300w, https:\/\/machmusik.net\/wp-content\/uploads\/2025\/06\/1846bea-768x512.jpg 768w, https:\/\/machmusik.net\/wp-content\/uploads\/2025\/06\/1846bea.jpg 1500w\" sizes=\"auto, (max-width: 1024px) 100vw, 1024px\" \/><\/figure>\n\n\n\n<div id=\"musikschule\" style=\"max-width: 100%; text-align: left;\">          <div class=\"materializer\">\n            <div class=\"card  text-darken-3 grey-text\">\n                <div class=\"card-content\">\n                    <span class=\"card-title brown-text\">\n                        Musikschule                    <\/span>\n                    <p>\n                        \n<p>&nbsp;<\/p>\n<div style=\"min-width: 300px; width: 100%; float: left;\">&nbsp;&nbsp;<br>Unsere Lernziele sind klar definiert. Wir vereinbaren Sie mit Ihnen individuell und stimmen sie ab auf Ihre<br>individuellen Vorlieben und Ihre zeitlichen M\u00f6glichkeiten. Sie entscheiden, ob Sie Gruppen- oder<br>Einzelstunden nehmen. Und selbstverst\u00e4ndlich nehmen wir R\u00fccksicht auf Ihre ganz pers\u00f6nlichen musikalischen<br>Vorlieben: Klassik, Rock, Pop. Bei uns lernen Sie es. Garantiert!<\/div>\n<div style=\"min-width: 300px; width: 50%; float: left;\">\n<h2 style=\"color: #755050; font-size: 20px; font-family: 'Source Sans Pro'; margin: 0px;\">Welches Instrument m\u00f6chten Sie erlernen?:<\/h2>\n<ul>\n<li style=\"list-style-type: circle; list-style-position: inside;\">Gitarre (Klassik und Liedbegleitung)<\/li>\n<li style=\"list-style-type: circle; list-style-position: inside;\">Gitarre f\u00fcr die Kleinen ab 6 Jahren<\/li>\n<li style=\"list-style-type: circle; list-style-position: inside;\">E \u2013 Gitarre (Rock, Metal, Blues)<\/li>\n<li style=\"list-style-type: circle; list-style-position: inside;\">E-Bass (Rock, Metal, Blues)<\/li>\n<li style=\"list-style-type: circle; list-style-position: inside;\">Keyboard<\/li>\n<li style=\"list-style-type: circle; list-style-position: inside;\">Ukulele<\/li>\n<li style=\"list-style-type: circle; list-style-position: inside;\">Klavier ab 6 Jahre<\/li>\n<li style=\"list-style-type: circle; list-style-position: inside;\">Schlagzeug<\/li>\n<li style=\"list-style-type: circle; list-style-position: inside;\">Cajon<\/li>\n<\/ul>\n<\/div>\n<div style=\"min-width: 300px; width: 50%; float: left;\">\n<h2 style=\"color: #755050; font-size: 20px; font-family: 'Source Sans Pro'; margin: 0px;\">Sie erhalten bei uns eine fundierte Ausbildung in:<\/h2>\n<ul>\n<li style=\"list-style-type: circle; list-style-position: inside;\">Notenlehre<\/li>\n<li style=\"list-style-type: circle; list-style-position: inside;\">Geh\u00f6rbildung<\/li>\n<li style=\"list-style-type: circle; list-style-position: inside;\">Rhythmik<\/li>\n<li style=\"list-style-type: circle; list-style-position: inside;\">korrekter Haltung<\/li>\n<\/ul>\n<\/div>\n<div style=\"min-width: 300px; width: 100%; float: left;\">\n<h2 style=\"color: #755050; font-size: 24px; font-family: 'Source Sans Pro';\">Musikschule Online<\/h2>\n<p>Unseren bew\u00e4hrten Unterricht bietet wir nun auch Online an. Sie ben\u00f6tigen daf\u00fcr nur ein Tablet \/ Smartphone oder einen PC bzw. Laptop mit Webcam und Mikrofon. <\/p>\n<div style=\"min-width: 300px; width: 100%; float: left;\">\n<ul>\n<li style=\"list-style-type: circle; list-style-position: inside;\">Gitarre (Klassik und Liedbegleitung)<\/li>\n<li style=\"list-style-type: circle; list-style-position: inside;\">E \u2013 Gitarre (Rock, Metal, Blues)<\/li>\n<li style=\"list-style-type: circle; list-style-position: inside;\">E-Bass (Rock, Metal, Blues)<\/li>\n<li style=\"list-style-type: circle; list-style-position: inside;\">Ukulele<\/li>\n<\/ul>\n<\/div>\n<\/div>\n<img decoding=\"async\" class=\"aligncenter size-full wp-image-360\" style=\"width: 100%;\" src=\"http:\/\/machmusik.net\/wp-content\/uploads\/2025\/06\/DSC_0194-scaled.jpg\" alt=\"2017_01_StartPageHeader\">\n<table style=\"text-align: center; margin-top: 50px; float: left;\" width=\"100%\">\n<tbody>\n<tr>\n<td style=\"padding: 0px;\">\n<h2 style=\"color: #755050; font-size: 24px; font-family: 'Source Sans Pro'; line-height: 0px;\">Unterricht<\/h2>\n<\/td>\n<td style=\"padding: 0px;\">\n<h2 style=\"color: #755050; font-size: 24px; font-family: 'Source Sans Pro'; line-height: 0px;\">Dauer<\/h2>\n<\/td>\n<td style=\"padding: 0px;\">\n<h2 style=\"color: #755050; font-size: 24px; font-family: 'Source Sans Pro'; line-height: 0px;\">Geb\u00fchr (mtl.)<\/h2>\n<\/td>\n<\/tr>\n<tr>\n<td style=\"padding: 0px;\">Gruppenunterricht (6-8 Jahre)<\/td>\n<td style=\"padding: 0px;\">30 Min.<\/td>\n<td style=\"padding: 0px;\">48,-<\/td>\n<\/tr>\n<tr>\n<td style=\"padding: 0px;\">Gruppenunterricht (ab 9 Jahre)<\/td>\n<td style=\"padding: 0px;\">45 Min.<\/td>\n<td style=\"padding: 0px;\">58,-<\/td>\n<\/tr>\n<tr>\n<td style=\"padding: 0px;\">Einzelunterricht<\/td>\n<td style=\"padding: 0px;\">30 Min.<\/td>\n<td style=\"padding: 0px;\">85,-<\/td>\n<\/tr>\n<tr>\n<td style=\"padding: 0px;\">Einzelunterricht (6-8 Jahren)<\/td>\n<td style=\"padding: 0px;\">20 Min.<\/td>\n<td style=\"padding: 0px;\">64,-<\/td>\n<\/tr>\n<tr>\n<td style=\"padding: 0px;\">Einzelunterricht<\/td>\n<td style=\"padding: 0px;\">45 Min.<\/td>\n<td style=\"padding: 0px;\">127,50-<\/td>\n<\/tr>\n<\/tbody>\n<\/table>\n<div style=\"min-width: 300px; width: 100%; float: left; margin-top: 40px;\">\n<p>Bei uns ist es m\u00f6glich f\u00fcr 25,- \u20ac eine Konzertgitarre (alle Gr\u00f6\u00dfen) zu Mieten. 15,- \u20ac f\u00fcr das Mieten eines Mietverst\u00e4rkers. Die Geb\u00fchren sind monatlich (auch in den Schulferien) zu entrichten. W\u00e4hrend der gesetzlichen Schulferien von Rheinland \u2013 Pfalz findet kein Unterricht statt. Es besteht jederzeit die M\u00f6glichkeit zur K\u00fcndigung. Das Unterrichtsverh\u00e4ltnis erlischt dann zum Ende des darauffolgenden Monats, au\u00dfer es wird nach dem ersten Monat gek\u00fcndigt, so erlischt das Unterrichtsverh\u00e4ltnis umgehend.<br><br><\/p>\n<\/div>\n<br><br>\n<p><br>                    <\/p>\n                <\/div>\n                                    <div class=\"card-action\">\n                                    <a class=\"brown-text\" href=\"\/#kontakt\">\n                Jetzt Anmelden            <\/a>\n                            <\/div>\n                            <\/div>\n          <\/div>\n        <\/p>\n<\/div>\n\n\n\n<div class=\"wp-block-columns is-layout-flex wp-container-core-columns-is-layout-9d6595d7 wp-block-columns-is-layout-flex\">\n<div class=\"wp-block-column is-layout-flow wp-block-column-is-layout-flow\">\n<p><\/p>\n<\/div>\n\n\n\n<div class=\"wp-block-column is-layout-flow wp-block-column-is-layout-flow\"><\/div>\n<\/div>\n\n\n\n<div class=\"wp-block-columns is-layout-flex wp-container-core-columns-is-layout-9d6595d7 wp-block-columns-is-layout-flex\">\n<div class=\"wp-block-column is-layout-flow wp-block-column-is-layout-flow\"><\/div>\n\n\n\n<div class=\"wp-block-column is-layout-flow wp-block-column-is-layout-flow\">\n\n\n<p><\/p>\n<\/div>\n<\/div>\n\n\n\n<div class=\"wp-block-columns is-layout-flex wp-container-core-columns-is-layout-9d6595d7 wp-block-columns-is-layout-flex\">\n<div class=\"wp-block-column is-layout-flow wp-block-column-is-layout-flow\">\n          <div class=\"materializer\">\n            <div class=\"card  -text\">\n                <div class=\"card-image\">\n                    <img decoding=\"async\" src=\".\/wp-content\/uploads\/2017\/06\/EmanuelHommerich.jpg\">\n                <\/div>\n                <div class=\"card-content\">\n                    <p>\n                        \n\n<p style=\"font-size:24px; font-weight:300; color:#795548\">Emanuel Hommerich<\/p>\n\nMusikalienh\u00e4ndler<br>\n<ul>\n<li>&#8211; Klassische Gitarre<\/li>\n<li>&#8211; E-Gitarre<\/li>\n<li>&#8211; Schlagzeug, Liedbegleitung<\/li>\n<li>&#8211; Gitarrenunterricht f\u00fcr Kinder<\/li>\n<\/ul>\n\n\n                    <\/p>\n                <\/div>\n                                    <div class=\"card-action\">\n                                    <a class=\"brown-text\" href=\"mailto:EHommerich@machmusik.net\">\n                E-Mail            <\/a>\n                            <\/div>\n                            <\/div>\n          <\/div>\n        \n<\/div>\n\n\n\n<div class=\"wp-block-column is-layout-flow wp-block-column-is-layout-flow\">\n          <div class=\"materializer\">\n            <div class=\"card  -text\">\n                <div class=\"card-image\">\n                    <img decoding=\"async\" src=\".\/wp-content\/uploads\/2017\/06\/BirgitSchulz.jpg\">\n                <\/div>\n                <div class=\"card-content\">\n                    <p>\n                        \n<p style=\"font-size:24px; font-weight:300; color:#795548\">Birgit Schultz<\/p>\n\nDiplomp\u00e4dagogin<br>\n<ul>\n<li>&#8211; Blockfl\u00f6te<\/li>\n<li>&#8211; Keyboard<\/li>\n<li>&#8211; Klavier<\/li>\n<li>&#8211; Akkordeon<\/li>\n<\/ul>\n\n                    <\/p>\n                <\/div>\n                                    <div class=\"card-action\">\n                                    <a class=\"brown-text\" href=\"mailto:BSchultz@machmusik.net\">\n                E-Mail            <\/a>\n                            <\/div>\n                            <\/div>\n          <\/div>\n        \n\n\n\n<p><\/p>\n<\/div>\n\n\n\n<div class=\"wp-block-column is-layout-flow wp-block-column-is-layout-flow\">\n          <div class=\"materializer\">\n            <div class=\"card  -text\">\n                <div class=\"card-image\">\n                    <img decoding=\"async\" src=\".\/wp-content\/uploads\/2021\/02\/Gereon-Website.jpg\">\n                <\/div>\n                <div class=\"card-content\">\n                    <p>\n                        \n<p style=\"font-size:24px; font-weight:300; color:#795548\">Gereon Stefer<\/p>\n\nMusiker<br>\n<ul>\n<li>&#8211; Klassische Gitarre<\/li>\n<li>&#8211; Gitarrenunterricht f\u00fcr Kinder<\/li>\n<\/ul>\n\n                    <\/p>\n                <\/div>\n                                    <div class=\"card-action\">\n                                    <a class=\"brown-text\" href=\"mailto:info@machmusik.net\">\n                E-Mail            <\/a>\n                            <\/div>\n                            <\/div>\n          <\/div>\n        \n<\/div>\n<\/div>\n\n\n\n<div class=\"wp-block-columns is-layout-flex wp-container-core-columns-is-layout-9d6595d7 wp-block-columns-is-layout-flex\">\n<div class=\"wp-block-column is-layout-flow wp-block-column-is-layout-flow\"><\/div>\n\n\n\n<div class=\"wp-block-column is-layout-flow wp-block-column-is-layout-flow\">\n\n\n<p><\/p>\n<\/div>\n<\/div>\n\n\n\n<p><\/p>\n\n\n\n<iframe loading=\"lazy\" src=\"https:\/\/maps.google.de\/maps?f=q&amp;source=s_q&amp;hl=de&amp;geocode=&amp;q=Frankfurterstra%C3%9Fe+unkel&amp;sll=51.151786,10.415039&amp;sspn=14.79638,39.331055&amp;ie=UTF8&amp;hq=&amp;hnear=Frankfurter+Stra%C3%9Fe,+53572+Unkel,+Neuwied,+Rheinland-Pfalz&amp;ll=50.604922,7.216043&amp;spn=0.016342,0.059996&amp;z=14&amp;iwloc=lyrftr:m,17800439656867409523,50.599069,7.214997&amp;output=embed\" width=\"100%\" height=\"400\"><\/iframe>\n\n\n\n<iframe src=\"https:\/\/www.google.com\/maps\/embed?pb=!4v1749288439073!6m8!1m7!1sCAoSFkNJSE0wb2dLRUlDQWdJRGRtTGY2Q2c.!2m2!1d50.59909114904308!2d7.215080555870756!3f16.410405138466622!4f-0.45834410884518206!5f0.7820865974627469\" width=\"100%\" height=\"400\" style=\"border:0;\" allowfullscreen=\"\" loading=\"lazy\" referrerpolicy=\"no-referrer-when-downgrade\"><\/iframe>\n\n\n\n<div class=\"wp-block-group\"><div class=\"wp-block-group__inner-container is-layout-flow wp-block-group-is-layout-flow\">\n<div class=\"wp-block-columns is-layout-flex wp-container-core-columns-is-layout-9d6595d7 wp-block-columns-is-layout-flex\">\n<div class=\"wp-block-column is-layout-flow wp-block-column-is-layout-flow\">\n          <div class=\"materializer\">\n            <div class=\"card  text-darken-3 grey-text\">\n                <div class=\"card-content\">\n                    <span class=\"card-title brown-text\">\n                        Kontakt                    <\/span>\n                    <p>\n                        \nMusikhaus Hommerich<br>\nFrankfurter Str. 23<br>\n53572 Unkel<br>\nTel.: 02224-5697<br><br>\n<\/a>Mail: <a href=\"mailto:info@gitarrenhommerich.de\">info@gitarrenhommerich.de<\/a><br><br>\nEinen Kundenparkplatz finden Sie in der Stra\u00dfe &#8222;am Graben&#8220;<br><br>\n<a href=\"https:\/\/machmusik.net\/?page_id=108\">Impressum und Disclaimer<\/a>\n                    <\/p>\n                <\/div>\n                            <\/div>\n          <\/div>\n        \n<\/div>\n\n\n\n<div class=\"wp-block-column is-layout-flow wp-block-column-is-layout-flow\">\n          <div class=\"materializer\">\n            <div class=\"card  text-darken-3 grey-text\">\n                <div class=\"card-content\">\n                    <span class=\"card-title brown-text\">\n                        \u00d6ffnungszeiten                    <\/span>\n                    <p>\n                        \nMontags \u2013 Freitags<br>\n10:00 \u2013 13:00<br>\n14:30 \u2013 18:30<br>\nMittwoch Vormittag geschlossen!<br><br>\n\nSamstags<br>\n10:00 \u2013 13:00<\/div>\n                    <\/p>\n                <\/div>\n                            <\/div>\n          <\/div>\n        \n\n\n\n<p><\/p>\n<\/div>\n<\/div>\n<\/div><\/div>\n\n\n\n<center><div id=\"anfrage\" style=\"max-width: 70%; text-align: left;\">\n          <div class=\"materializer\">\n            <div class=\"card  text-darken-3 grey-text\">\n                <div class=\"card-content\">\n                    <span class=\"card-title brown-text\">\n                        Ihre Anfrage                    <\/span>\n                    <p>\n                        \n<div role=\"form\" class=\"wpcf7\" id=\"wpcf7-f116-o1\" lang=\"de-DE\" dir=\"ltr\">\n<div class=\"screen-reader-response\"><\/div>\n<form action=\"\/index.php?rest_route=%2Fwp%2Fv2%2Fpages%2F371#wpcf7-f116-o1\" method=\"post\" class=\"wpcf7-form\" novalidate=\"novalidate\">\n<div style=\"display: none;\">\n<input type=\"hidden\" name=\"_wpcf7\" value=\"116\" \/>\n<input type=\"hidden\" name=\"_wpcf7_version\" value=\"5.1.7\" \/>\n<input type=\"hidden\" name=\"_wpcf7_locale\" value=\"de_DE\" \/>\n<input type=\"hidden\" name=\"_wpcf7_unit_tag\" value=\"wpcf7-f116-o1\" \/>\n<input type=\"hidden\" name=\"_wpcf7_container_post\" value=\"0\" \/>\n<\/div>\n<p>Ihr Name (Pflichtfeld)<br \/>\n    <span class=\"wpcf7-form-control-wrap your-name\"><input type=\"text\" name=\"your-name\" value=\"\" size=\"40\" class=\"wpcf7-form-control wpcf7-text wpcf7-validates-as-required\" aria-required=\"true\" aria-invalid=\"false\" \/><\/span> <\/p>\n<p>Ihre E-Mail-Adresse (Pflichtfeld)<br \/>\n    <span class=\"wpcf7-form-control-wrap your-email\"><input type=\"email\" name=\"your-email\" value=\"\" size=\"40\" class=\"wpcf7-form-control wpcf7-text wpcf7-email wpcf7-validates-as-required wpcf7-validates-as-email\" aria-required=\"true\" aria-invalid=\"false\" \/><\/span> <\/p>\n<p>Betreff<br \/>\n    <span class=\"wpcf7-form-control-wrap your-subject\"><input type=\"text\" name=\"your-subject\" value=\"\" size=\"40\" class=\"wpcf7-form-control wpcf7-text\" aria-invalid=\"false\" \/><\/span> <\/p>\n<p>Ihre Nachricht<br \/>\n    <span class=\"wpcf7-form-control-wrap your-message\"><textarea name=\"your-message\" cols=\"40\" rows=\"10\" class=\"wpcf7-form-control wpcf7-textarea\" aria-invalid=\"false\"><\/textarea><\/span> <\/p>\n<p><input type=\"submit\" value=\"Senden\" class=\"wpcf7-form-control wpcf7-submit\" \/><\/p>\n<div class=\"wpcf7-response-output wpcf7-display-none\"><\/div><\/form><\/div>\n                    <\/p>\n                <\/div>\n                            <\/div>\n          <\/div>\n        \n<\/div><\/center>\n","protected":false},"excerpt":{"rendered":"<p>&#8222;Wo sich Erfahrung und Begeisterung treffen&#8220;<\/p>\n","protected":false},"author":1,"featured_media":0,"parent":0,"menu_order":0,"comment_status":"closed","ping_status":"closed","template":"","meta":{"ngg_post_thumbnail":0,"footnotes":""},"class_list":["post-371","page","type-page","status-publish","hentry"],"_links":{"self":[{"href":"https:\/\/machmusik.net\/index.php?rest_route=\/wp\/v2\/pages\/371","targetHints":{"allow":["GET"]}}],"collection":[{"href":"https:\/\/machmusik.net\/index.php?rest_route=\/wp\/v2\/pages"}],"about":[{"href":"https:\/\/machmusik.net\/index.php?rest_route=\/wp\/v2\/types\/page"}],"author":[{"embeddable":true,"href":"https:\/\/machmusik.net\/index.php?rest_route=\/wp\/v2\/users\/1"}],"replies":[{"embeddable":true,"href":"https:\/\/machmusik.net\/index.php?rest_route=%2Fwp%2Fv2%2Fcomments&post=371"}],"version-history":[{"count":515,"href":"https:\/\/machmusik.net\/index.php?rest_route=\/wp\/v2\/pages\/371\/revisions"}],"predecessor-version":[{"id":1045,"href":"https:\/\/machmusik.net\/index.php?rest_route=\/wp\/v2\/pages\/371\/revisions\/1045"}],"wp:attachment":[{"href":"https:\/\/machmusik.net\/index.php?rest_route=%2Fwp%2Fv2%2Fmedia&parent=371"}],"curies":[{"name":"wp","href":"https:\/\/api.w.org\/{rel}","templated":true}]}}